{"id":21,"date":"2019-10-03T20:32:06","date_gmt":"2019-10-03T20:32:06","guid":{"rendered":"https:\/\/plesttest.cf\/?page_id=21"},"modified":"2020-02-17T09:58:43","modified_gmt":"2020-02-17T09:58:43","slug":"wurzelbehandlungen","status":"publish","type":"page","link":"https:\/\/dentist.demo.shareyaworld.at\/?page_id=21","title":{"rendered":"Wurzelbehandlungen"},"content":{"rendered":"<p>Eine pr\u00e4zise Wurzelbehandlung durchgef\u00fchrt mit modernsten Instrumenten und bei Bedarf unter Verwendung eines Mikroskopes kann Ihnen in den meisten F\u00e4llen einen Verlust des betroffenen Zahnes ersparen, bietet eine zuverl\u00e4ssige Basis f\u00fcr technische Versorgung wie Kronen und Br\u00fccken. Auch Revisionen (Wiederholung einer bereits durchgef\u00fchrten, aber nicht erfolgreichen Wurzelbehandlung) k\u00f6nnen sehr oft bereits verloren geglaubte Z\u00e4hne erhalten und eventuell eine Wurzelspitzenresektion \u00fcberfl\u00fcssig machen.<\/p>\n","protected":false},"excerpt":{"rendered":"<p>Eine pr\u00e4zise Wurzelbehandlung durchgef\u00fchrt mit modernsten Instrumenten und bei Bedarf unter Verwendung eines Mikroskopes kann Ihnen in den meisten F\u00e4llen einen Verlust des betroffenen Zahnes ersparen, bietet eine zuverl\u00e4ssige Basis f\u00fcr technische Versorgung wie Kronen und Br\u00fccken. Auch Revisionen (Wiederholung einer bereits durchgef\u00fchrten, aber nicht erfolgreichen Wurzelbehandlung) k\u00f6nnen sehr oft bereits verloren geglaubte Z\u00e4hne erhalten [&hellip;]<\/p>\n","protected":false},"author":1,"featured_media":0,"parent":0,"menu_order":0,"comment_status":"closed","ping_status":"closed","template":"","meta":{"footnotes":""},"class_list":["post-21","page","type-page","status-publish","hentry"],"_links":{"self":[{"href":"https:\/\/dentist.demo.shareyaworld.at\/index.php?rest_route=\/wp\/v2\/pages\/21","targetHints":{"allow":["GET"]}}],"collection":[{"href":"https:\/\/dentist.demo.shareyaworld.at\/index.php?rest_route=\/wp\/v2\/pages"}],"about":[{"href":"https:\/\/dentist.demo.shareyaworld.at\/index.php?rest_route=\/wp\/v2\/types\/page"}],"author":[{"embeddable":true,"href":"https:\/\/dentist.demo.shareyaworld.at\/index.php?rest_route=\/wp\/v2\/users\/1"}],"replies":[{"embeddable":true,"href":"https:\/\/dentist.demo.shareyaworld.at\/index.php?rest_route=%2Fwp%2Fv2%2Fcomments&post=21"}],"version-history":[{"count":2,"href":"https:\/\/dentist.demo.shareyaworld.at\/index.php?rest_route=\/wp\/v2\/pages\/21\/revisions"}],"predecessor-version":[{"id":237,"href":"https:\/\/dentist.demo.shareyaworld.at\/index.php?rest_route=\/wp\/v2\/pages\/21\/revisions\/237"}],"wp:attachment":[{"href":"https:\/\/dentist.demo.shareyaworld.at\/index.php?rest_route=%2Fwp%2Fv2%2Fmedia&parent=21"}],"curies":[{"name":"wp","href":"https:\/\/api.w.org\/{rel}","templated":true}]}}