{"id":19,"date":"2019-10-03T20:32:05","date_gmt":"2019-10-03T20:32:05","guid":{"rendered":"https:\/\/plesttest.cf\/?page_id=19"},"modified":"2020-02-17T09:59:51","modified_gmt":"2020-02-17T09:59:51","slug":"prophylaxe","status":"publish","type":"page","link":"https:\/\/dentist.demo.shareyaworld.at\/?page_id=19","title":{"rendered":"Parodontologie, Prophylaxe, Mundhygiene"},"content":{"rendered":"<p>Extrem wichtig ist die m\u00f6glichst fr\u00fche Erkennung einer Erkrankung des Zahnhalteapparates, da sie bei entsprechender Behandlung sehr oft noch lange den Erhalt der eigenen Z\u00e4hne gew\u00e4hrleistet.<\/p>\n<p>Regelm\u00e4\u00dfige Besuche der professionellen Mundhygienebehandlung wirken Entz\u00fcndungen des Zahnfleisches und Karies effektiv entgegen, entsprechende Instruktionen und individuelle Tipps perfektionieren zudem das eigene Putzverhalten.<\/p>\n","protected":false},"excerpt":{"rendered":"<p>Extrem wichtig ist die m\u00f6glichst fr\u00fche Erkennung einer Erkrankung des Zahnhalteapparates, da sie bei entsprechender Behandlung sehr oft noch lange den Erhalt der eigenen Z\u00e4hne gew\u00e4hrleistet. Regelm\u00e4\u00dfige Besuche der professionellen Mundhygienebehandlung wirken Entz\u00fcndungen des Zahnfleisches und Karies effektiv entgegen, entsprechende Instruktionen und individuelle Tipps perfektionieren zudem das eigene Putzverhalten.<\/p>\n","protected":false},"author":1,"featured_media":0,"parent":0,"menu_order":0,"comment_status":"closed","ping_status":"closed","template":"","meta":{"footnotes":""},"class_list":["post-19","page","type-page","status-publish","hentry"],"_links":{"self":[{"href":"https:\/\/dentist.demo.shareyaworld.at\/index.php?rest_route=\/wp\/v2\/pages\/19","targetHints":{"allow":["GET"]}}],"collection":[{"href":"https:\/\/dentist.demo.shareyaworld.at\/index.php?rest_route=\/wp\/v2\/pages"}],"about":[{"href":"https:\/\/dentist.demo.shareyaworld.at\/index.php?rest_route=\/wp\/v2\/types\/page"}],"author":[{"embeddable":true,"href":"https:\/\/dentist.demo.shareyaworld.at\/index.php?rest_route=\/wp\/v2\/users\/1"}],"replies":[{"embeddable":true,"href":"https:\/\/dentist.demo.shareyaworld.at\/index.php?rest_route=%2Fwp%2Fv2%2Fcomments&post=19"}],"version-history":[{"count":4,"href":"https:\/\/dentist.demo.shareyaworld.at\/index.php?rest_route=\/wp\/v2\/pages\/19\/revisions"}],"predecessor-version":[{"id":241,"href":"https:\/\/dentist.demo.shareyaworld.at\/index.php?rest_route=\/wp\/v2\/pages\/19\/revisions\/241"}],"wp:attachment":[{"href":"https:\/\/dentist.demo.shareyaworld.at\/index.php?rest_route=%2Fwp%2Fv2%2Fmedia&parent=19"}],"curies":[{"name":"wp","href":"https:\/\/api.w.org\/{rel}","templated":true}]}}